{"id":16626,"date":"2021-08-03T10:13:27","date_gmt":"2021-08-03T00:13:27","guid":{"rendered":"https:\/\/www.nomadasexperience.com\/?page_id=16626"},"modified":"2021-08-03T15:40:17","modified_gmt":"2021-08-03T05:40:17","slug":"testimonials","status":"publish","type":"page","link":"https:\/\/wp.nomadasexperience.com\/ja\/testimonials\/","title":{"rendered":"\u4f53\u9a13\u8ac7"},"content":{"rendered":"<div class=\"wpb-content-wrapper\">[vc_row no_padding=&#8221;true&#8221; bg_type=&#8221;&#8221; dima_canvas_style=&#8221;&#8221; translate_x=&#8221;0&#8243; dima_z_index=&#8221;0&#8243; delay=&#8221;&#8221; animate_item=&#8221;&#8221; delay_duration=&#8221;&#8221; delay_offset=&#8221;&#8221; id=&#8221;&#8221; class=&#8221;&#8221; border_color=&#8221;&#8221;][vc_column min_height=&#8221;&#8221; bg_type=&#8221;&#8221; dima_canvas_style=&#8221;&#8221; translate_x=&#8221;0&#8243; dima_z_index=&#8221;0&#8243; delay=&#8221;&#8221; animate_item=&#8221;&#8221; delay_duration=&#8221;&#8221; delay_offset=&#8221;&#8221; width=&#8221;1\/3&#8243;]<div  class=\"dima-team\"  ><div class=\"post-feature dima-team-member\"><a class=\"all-over-thumb-link\" href=\"https:\/\/www.nomadasexperience.com\/ja\/testimonials\/kana-yano\/\" ><\/a><div class=\"team-img\"><div class=\"fix-chrome\"><figure><img width=\"1115\" height=\"1101\" class=\"dima_image-img attachment-full lazyload js-lazy-image\" alt=\"\" data-src=\"https:\/\/wp.nomadasexperience.com\/wp-content\/uploads\/2021\/08\/1627958487883-e1627964736427.jpg\" data-srcset=\"https:\/\/wp.nomadasexperience.com\/wp-content\/uploads\/2021\/08\/1627958487883-e1627964736427.jpg 1115w, https:\/\/wp.nomadasexperience.com\/wp-content\/uploads\/2021\/08\/1627958487883-e1627964736427-300x296.jpg 300w, https:\/\/wp.nomadasexperience.com\/wp-content\/uploads\/2021\/08\/1627958487883-e1627964736427-1024x1011.jpg 1024w, https:\/\/wp.nomadasexperience.com\/wp-content\/uploads\/2021\/08\/1627958487883-e1627964736427-768x758.jpg 768w, https:\/\/wp.nomadasexperience.com\/wp-content\/uploads\/2021\/08\/1627958487883-e1627964736427-585x578.jpg 585w, https:\/\/wp.nomadasexperience.com\/wp-content\/uploads\/2021\/08\/1627958487883-e1627964736427-100x99.jpg 100w\" data-sizes=\"(max-width: 1115px) 100vw, 1115px\" \/><\/figure><div class=\"post-icon\"><ul class=\"icons-media\"><\/ul><\/div><\/div><\/div><\/div><div class=\"dima-team-content text-center\" style=\";\"><div class=\"member-name\"><h5 style=\";\">Kana Yano<\/h5><\/div><\/div><\/div>[\/vc_column][vc_column min_height=&#8221;&#8221; bg_type=&#8221;&#8221; dima_canvas_style=&#8221;&#8221; translate_x=&#8221;0&#8243; dima_z_index=&#8221;0&#8243; delay=&#8221;&#8221; animate_item=&#8221;&#8221; delay_duration=&#8221;&#8221; delay_offset=&#8221;&#8221; width=&#8221;1\/3&#8243;]<div  class=\"dima-team\"  ><div class=\"post-feature dima-team-member\"><a class=\"all-over-thumb-link\" href=\"https:\/\/www.nomadasexperience.com\/ja\/testimonials\/rino-takayama\/\" ><\/a><div class=\"team-img\"><div class=\"fix-chrome\"><figure><img width=\"1024\" height=\"1024\" class=\"dima_image-img attachment-full lazyload js-lazy-image\" alt=\"\" data-src=\"https:\/\/wp.nomadasexperience.com\/wp-content\/uploads\/2021\/08\/IMG-20210705-WA0007.jpg\" data-srcset=\"https:\/\/wp.nomadasexperience.com\/wp-content\/uploads\/2021\/08\/IMG-20210705-WA0007.jpg 1024w, https:\/\/wp.nomadasexperience.com\/wp-content\/uploads\/2021\/08\/IMG-20210705-WA0007-300x300.jpg 300w, https:\/\/wp.nomadasexperience.com\/wp-content\/uploads\/2021\/08\/IMG-20210705-WA0007-150x150.jpg 150w, https:\/\/wp.nomadasexperience.com\/wp-content\/uploads\/2021\/08\/IMG-20210705-WA0007-768x768.jpg 768w, https:\/\/wp.nomadasexperience.com\/wp-content\/uploads\/2021\/08\/IMG-20210705-WA0007-585x585.jpg 585w, https:\/\/wp.nomadasexperience.com\/wp-content\/uploads\/2021\/08\/IMG-20210705-WA0007-100x100.jpg 100w\" data-sizes=\"(max-width: 1024px) 100vw, 1024px\" \/><\/figure><div class=\"post-icon\"><ul class=\"icons-media\"><\/ul><\/div><\/div><\/div><\/div><div class=\"dima-team-content text-center\" style=\";\"><div class=\"member-name\"><h5 style=\";\">Rino Takayama<\/h5><\/div><\/div><\/div>[\/vc_column][vc_column min_height=&#8221;&#8221; bg_type=&#8221;&#8221; dima_canvas_style=&#8221;&#8221; translate_x=&#8221;0&#8243; dima_z_index=&#8221;0&#8243; delay=&#8221;&#8221; animate_item=&#8221;&#8221; delay_duration=&#8221;&#8221; delay_offset=&#8221;&#8221; width=&#8221;1\/3&#8243;]<div  class=\"dima-team\"  ><div class=\"post-feature dima-team-member\"><a class=\"all-over-thumb-link\" href=\"https:\/\/www.nomadasexperience.com\/ja\/testimonials\/satoko-ohashi\/\" ><\/a><div class=\"team-img\"><div class=\"fix-chrome\"><figure><img width=\"433\" height=\"435\" class=\"dima_image-img attachment-full lazyload js-lazy-image\" alt=\"\" data-src=\"https:\/\/wp.nomadasexperience.com\/wp-content\/uploads\/2021\/08\/Screen-Shot-2021-08-03-at-11.04.08-am.png\" data-srcset=\"https:\/\/wp.nomadasexperience.com\/wp-content\/uploads\/2021\/08\/Screen-Shot-2021-08-03-at-11.04.08-am.png 433w, https:\/\/wp.nomadasexperience.com\/wp-content\/uploads\/2021\/08\/Screen-Shot-2021-08-03-at-11.04.08-am-300x300.png 300w, https:\/\/wp.nomadasexperience.com\/wp-content\/uploads\/2021\/08\/Screen-Shot-2021-08-03-at-11.04.08-am-150x150.png 150w, https:\/\/wp.nomadasexperience.com\/wp-content\/uploads\/2021\/08\/Screen-Shot-2021-08-03-at-11.04.08-am-100x100.png 100w\" data-sizes=\"(max-width: 433px) 100vw, 433px\" \/><\/figure><div class=\"post-icon\"><ul class=\"icons-media\"><\/ul><\/div><\/div><\/div><\/div><div class=\"dima-team-content text-center\" style=\";\"><div class=\"member-name\"><h5 style=\";\">Satoko Ohashi<\/h5><\/div><\/div><\/div>[\/vc_column][\/vc_row]\n<\/div>","protected":false},"excerpt":{"rendered":"<p>[vc_row no_padding=&#8221;true&#8221; bg_type=&#8221;&#8221; dima_canvas_style=&#8221;&#8221; translate_x=&#038;#82 [&hellip;]<\/p>\n","protected":false},"author":5,"featured_media":0,"parent":0,"menu_order":0,"comment_status":"closed","ping_status":"closed","template":"","meta":{"_acf_changed":false,"footnotes":""},"class_list":["post-16626","page","type-page","status-publish","hentry"],"acf":[],"yoast_head":"<!-- This site is optimized with the Yoast SEO Premium plugin v27.2 (Yoast SEO v27.5) - https:\/\/yoast.com\/product\/yoast-seo-premium-wordpress\/ -->\n<title>\u4f53\u9a13\u8ac7 - Nomadas<\/title>\n<meta name=\"description\" content=\"\u56fd\u30fb\u90fd\u5e02\u9078\u3073\u304b\u3089\u30d3\u30b6\u652f\u7d66\u307e\u3067\u5168\u9762\u7684\u306a\u30b5\u30dd\u30fc\u30c8\u3092\u63d0\u4f9b\u3059\u308b\u7559\u5b66\u30a8\u30fc\u30b8\u30a7\u30f3\u30c8\u3067\u3059\u3002\u76ee\u6a19\u3084\u30cb\u30fc\u30ba\u306b\u5408\u3063\u305f\u7559\u5b66\u3084\u30ef\u30fc\u30db\u30ea\u306e\u30d7\u30e9\u30f3\u3092\u63d0\u6848\u3057\u307e\u3059\u3002\u304a\u554f\u5408\u305b\u304b\u3089\u304a\u624b\u7d9a\u304d\u307e\u3067\u5b8c\u5168\u7121\u6599\u3067\u3059\uff01\" \/>\n<meta name=\"robots\" content=\"index, follow, max-snippet:-1, max-image-preview:large, max-video-preview:-1\" \/>\n<link rel=\"canonical\" href=\"https:\/\/wp.nomadasexperience.com\/ja\/testimonials\/\" \/>\n<meta property=\"og:locale\" content=\"ja_JP\" \/>\n<meta property=\"og:type\" content=\"article\" \/>\n<meta property=\"og:title\" content=\"\u4f53\u9a13\u8ac7\" \/>\n<meta property=\"og:description\" content=\"\u56fd\u30fb\u90fd\u5e02\u9078\u3073\u304b\u3089\u30d3\u30b6\u652f\u7d66\u307e\u3067\u5168\u9762\u7684\u306a\u30b5\u30dd\u30fc\u30c8\u3092\u63d0\u4f9b\u3059\u308b\u7559\u5b66\u30a8\u30fc\u30b8\u30a7\u30f3\u30c8\u3067\u3059\u3002\u76ee\u6a19\u3084\u30cb\u30fc\u30ba\u306b\u5408\u3063\u305f\u7559\u5b66\u3084\u30ef\u30fc\u30db\u30ea\u306e\u30d7\u30e9\u30f3\u3092\u63d0\u6848\u3057\u307e\u3059\u3002\u304a\u554f\u5408\u305b\u304b\u3089\u304a\u624b\u7d9a\u304d\u307e\u3067\u5b8c\u5168\u7121\u6599\u3067\u3059\uff01\" \/>\n<meta property=\"og:url\" content=\"https:\/\/wp.nomadasexperience.com\/ja\/testimonials\/\" \/>\n<meta property=\"og:site_name\" content=\"Nomadas\" \/>\n<meta property=\"article:publisher\" content=\"https:\/\/www.facebook.com\/nomadasexp\/\" \/>\n<meta property=\"article:modified_time\" content=\"2021-08-03T05:40:17+00:00\" \/>\n<meta name=\"twitter:card\" content=\"summary_large_image\" \/>\n<meta name=\"twitter:site\" content=\"@nomadas_exp\" \/>\n<meta name=\"twitter:label1\" content=\"\u63a8\u5b9a\u8aad\u307f\u53d6\u308a\u6642\u9593\" \/>\n\t<meta name=\"twitter:data1\" content=\"1\u5206\" \/>\n<!-- \/ Yoast SEO Premium plugin. -->","yoast_head_json":{"title":"\u4f53\u9a13\u8ac7 - Nomadas","description":"\u56fd\u30fb\u90fd\u5e02\u9078\u3073\u304b\u3089\u30d3\u30b6\u652f\u7d66\u307e\u3067\u5168\u9762\u7684\u306a\u30b5\u30dd\u30fc\u30c8\u3092\u63d0\u4f9b\u3059\u308b\u7559\u5b66\u30a8\u30fc\u30b8\u30a7\u30f3\u30c8\u3067\u3059\u3002\u76ee\u6a19\u3084\u30cb\u30fc\u30ba\u306b\u5408\u3063\u305f\u7559\u5b66\u3084\u30ef\u30fc\u30db\u30ea\u306e\u30d7\u30e9\u30f3\u3092\u63d0\u6848\u3057\u307e\u3059\u3002\u304a\u554f\u5408\u305b\u304b\u3089\u304a\u624b\u7d9a\u304d\u307e\u3067\u5b8c\u5168\u7121\u6599\u3067\u3059\uff01","robots":{"index":"index","follow":"follow","max-snippet":"max-snippet:-1","max-image-preview":"max-image-preview:large","max-video-preview":"max-video-preview:-1"},"canonical":"https:\/\/wp.nomadasexperience.com\/ja\/testimonials\/","og_locale":"ja_JP","og_type":"article","og_title":"\u4f53\u9a13\u8ac7","og_description":"\u56fd\u30fb\u90fd\u5e02\u9078\u3073\u304b\u3089\u30d3\u30b6\u652f\u7d66\u307e\u3067\u5168\u9762\u7684\u306a\u30b5\u30dd\u30fc\u30c8\u3092\u63d0\u4f9b\u3059\u308b\u7559\u5b66\u30a8\u30fc\u30b8\u30a7\u30f3\u30c8\u3067\u3059\u3002\u76ee\u6a19\u3084\u30cb\u30fc\u30ba\u306b\u5408\u3063\u305f\u7559\u5b66\u3084\u30ef\u30fc\u30db\u30ea\u306e\u30d7\u30e9\u30f3\u3092\u63d0\u6848\u3057\u307e\u3059\u3002\u304a\u554f\u5408\u305b\u304b\u3089\u304a\u624b\u7d9a\u304d\u307e\u3067\u5b8c\u5168\u7121\u6599\u3067\u3059\uff01","og_url":"https:\/\/wp.nomadasexperience.com\/ja\/testimonials\/","og_site_name":"Nomadas","article_publisher":"https:\/\/www.facebook.com\/nomadasexp\/","article_modified_time":"2021-08-03T05:40:17+00:00","twitter_card":"summary_large_image","twitter_site":"@nomadas_exp","twitter_misc":{"\u63a8\u5b9a\u8aad\u307f\u53d6\u308a\u6642\u9593":"1\u5206"},"schema":{"@context":"https:\/\/schema.org","@graph":[{"@type":"WebPage","@id":"https:\/\/wp.nomadasexperience.com\/ja\/testimonials\/","url":"https:\/\/wp.nomadasexperience.com\/ja\/testimonials\/","name":"\u4f53\u9a13\u8ac7 - Nomadas","isPartOf":{"@id":"https:\/\/wp.nomadasexperience.com\/ja\/#website"},"datePublished":"2021-08-03T00:13:27+00:00","dateModified":"2021-08-03T05:40:17+00:00","description":"\u56fd\u30fb\u90fd\u5e02\u9078\u3073\u304b\u3089\u30d3\u30b6\u652f\u7d66\u307e\u3067\u5168\u9762\u7684\u306a\u30b5\u30dd\u30fc\u30c8\u3092\u63d0\u4f9b\u3059\u308b\u7559\u5b66\u30a8\u30fc\u30b8\u30a7\u30f3\u30c8\u3067\u3059\u3002\u76ee\u6a19\u3084\u30cb\u30fc\u30ba\u306b\u5408\u3063\u305f\u7559\u5b66\u3084\u30ef\u30fc\u30db\u30ea\u306e\u30d7\u30e9\u30f3\u3092\u63d0\u6848\u3057\u307e\u3059\u3002\u304a\u554f\u5408\u305b\u304b\u3089\u304a\u624b\u7d9a\u304d\u307e\u3067\u5b8c\u5168\u7121\u6599\u3067\u3059\uff01","breadcrumb":{"@id":"https:\/\/wp.nomadasexperience.com\/ja\/testimonials\/#breadcrumb"},"inLanguage":"ja","potentialAction":[{"@type":"ReadAction","target":["https:\/\/wp.nomadasexperience.com\/ja\/testimonials\/"]}]},{"@type":"BreadcrumbList","@id":"https:\/\/wp.nomadasexperience.com\/ja\/testimonials\/#breadcrumb","itemListElement":[{"@type":"ListItem","position":1,"name":"Home","item":"https:\/\/wp.nomadasexperience.com\/ja\/"},{"@type":"ListItem","position":2,"name":"\u4f53\u9a13\u8ac7"}]},{"@type":"WebSite","@id":"https:\/\/wp.nomadasexperience.com\/ja\/#website","url":"https:\/\/wp.nomadasexperience.com\/ja\/","name":"Nomadas","description":"Vive una experiencia N\u00f3mada!","publisher":{"@id":"https:\/\/wp.nomadasexperience.com\/ja\/#organization"},"potentialAction":[{"@type":"SearchAction","target":{"@type":"EntryPoint","urlTemplate":"https:\/\/wp.nomadasexperience.com\/ja\/?s={search_term_string}"},"query-input":{"@type":"PropertyValueSpecification","valueRequired":true,"valueName":"search_term_string"}}],"inLanguage":"ja"},{"@type":"Organization","@id":"https:\/\/wp.nomadasexperience.com\/ja\/#organization","name":"N\u00f3madas Experience","alternateName":"Nomadas","url":"https:\/\/wp.nomadasexperience.com\/ja\/","logo":{"@type":"ImageObject","inLanguage":"ja","@id":"https:\/\/wp.nomadasexperience.com\/ja\/#\/schema\/logo\/image\/","url":"https:\/\/www.nomadasexperience.com\/wp-content\/uploads\/2026\/02\/nomadas-experience.webp","contentUrl":"https:\/\/www.nomadasexperience.com\/wp-content\/uploads\/2026\/02\/nomadas-experience.webp","width":512,"height":512,"caption":"N\u00f3madas Experience"},"image":{"@id":"https:\/\/wp.nomadasexperience.com\/ja\/#\/schema\/logo\/image\/"},"sameAs":["https:\/\/www.facebook.com\/nomadasexp\/","https:\/\/x.com\/nomadas_exp","https:\/\/www.tiktok.com\/@nomadas.experience","https:\/\/linkedin.com\/company\/nomadasexperience","https:\/\/www.youtube.com\/@GuiaNomada"],"description":"N\u00f3madas Experience es una comunidad que ayuda a personas de habla hispana a estudiar, trabajar y vivir experiencias educativas en el extranjero, especialmente en Australia, Canad\u00e1 e Irlanda, con acompa\u00f1amiento integral antes, durante y despu\u00e9s del viaje.","email":"info@nomadasexperience.com","telephone":"+61 483 902 019","legalName":"Nomadas Experience","foundingDate":"2015-04-04","numberOfEmployees":{"@type":"QuantitativeValue","minValue":"51","maxValue":"200"}}]}},"_links":{"self":[{"href":"https:\/\/wp.nomadasexperience.com\/ja\/wp-json\/wp\/v2\/pages\/16626","targetHints":{"allow":["GET"]}}],"collection":[{"href":"https:\/\/wp.nomadasexperience.com\/ja\/wp-json\/wp\/v2\/pages"}],"about":[{"href":"https:\/\/wp.nomadasexperience.com\/ja\/wp-json\/wp\/v2\/types\/page"}],"author":[{"embeddable":true,"href":"https:\/\/wp.nomadasexperience.com\/ja\/wp-json\/wp\/v2\/users\/5"}],"replies":[{"embeddable":true,"href":"https:\/\/wp.nomadasexperience.com\/ja\/wp-json\/wp\/v2\/comments?post=16626"}],"version-history":[{"count":0,"href":"https:\/\/wp.nomadasexperience.com\/ja\/wp-json\/wp\/v2\/pages\/16626\/revisions"}],"wp:attachment":[{"href":"https:\/\/wp.nomadasexperience.com\/ja\/wp-json\/wp\/v2\/media?parent=16626"}],"curies":[{"name":"wp","href":"https:\/\/api.w.org\/{rel}","templated":true}]}}