{"id":6748,"date":"2020-10-07T17:03:46","date_gmt":"2020-10-07T06:03:46","guid":{"rendered":"https:\/\/www.nomadasexperience.com\/?page_id=6748"},"modified":"2021-07-30T18:42:07","modified_gmt":"2021-07-30T08:42:07","slug":"contact","status":"publish","type":"page","link":"https:\/\/wp.nomadasexperience.com\/ja\/contact\/","title":{"rendered":"\u304a\u554f\u3044\u5408\u308f\u305b"},"content":{"rendered":"\n<h1 class=\"has-text-align-center wp-block-heading\" id=\"h-\">\u304a\u554f\u3044\u5408\u308f\u305b<\/h1>\n\n\n\n<div class=\"iframe-container\">\n<iframe src=\"https:\/\/universe.nomadasexperience.com\/contact-form\/nomadas\/ja\"><\/iframe>\n<\/div>\n","protected":false},"excerpt":{"rendered":"<p>\u304a\u554f\u3044\u5408\u308f\u305b<\/p>\n","protected":false},"author":1,"featured_media":0,"parent":0,"menu_order":0,"comment_status":"closed","ping_status":"closed","template":"","meta":{"_acf_changed":false,"footnotes":""},"class_list":["post-6748","page","type-page","status-publish","hentry"],"acf":[],"yoast_head":"<!-- This site is optimized with the Yoast SEO Premium plugin v27.2 (Yoast SEO v27.5) - https:\/\/yoast.com\/product\/yoast-seo-premium-wordpress\/ -->\n<title>\u304a\u554f\u3044\u5408\u308f\u305b | Nomadas | \u30ce\u30de\u30c0\u30b9 | \u7121\u6599\u30b5\u30dd\u30fc\u30c8<\/title>\n<meta name=\"description\" content=\"\u6d77\u5916\u7559\u5b66\u3092\u8eab\u8fd1\u306b\u3002Nomadas(\u30ce\u30de\u30c0\u30b9)\u304c\u7686\u3055\u3093\u306e\u7559\u5b66\u30fb\u30ef\u30fc\u30db\u30ea\u3092\u304a\u554f\u3044\u5408\u308f\u305b\u304b\u3089\u6e21\u822a\u307e\u3067\u5b8c\u5168\u7121\u6599\u30b5\u30dd\u30fc\u30c8\u3057\u307e\u3059\u3002\u6d77\u5916\u7d4c\u9a13\u306e\u3042\u308b\u30b9\u30bf\u30c3\u30d5\u304c\u7686\u3055\u3093\u306e\u30cb\u30fc\u30ba\u306b\u3042\u3063\u305f\u7559\u5b66\u30d7\u30e9\u30f3\u3092\u63d0\u6848\u3057\u307e\u3059\u3002\u5148\u305a\u306f\u304a\u6c17\u8efd\u306b\u304a\u554f\u3044\u5408\u308f\u305b\u304f\u3060\u3055\u3044\u3002\" \/>\n<meta name=\"robots\" content=\"index, follow, max-snippet:-1, max-image-preview:large, max-video-preview:-1\" \/>\n<link rel=\"canonical\" href=\"https:\/\/wp.nomadasexperience.com\/ja\/contact\/\" \/>\n<meta property=\"og:locale\" content=\"ja_JP\" \/>\n<meta property=\"og:type\" content=\"article\" \/>\n<meta property=\"og:title\" content=\"\u304a\u554f\u3044\u5408\u308f\u305b\" \/>\n<meta property=\"og:description\" content=\"\u6d77\u5916\u7559\u5b66\u3092\u8eab\u8fd1\u306b\u3002Nomadas(\u30ce\u30de\u30c0\u30b9)\u304c\u7686\u3055\u3093\u306e\u7559\u5b66\u30fb\u30ef\u30fc\u30db\u30ea\u3092\u304a\u554f\u3044\u5408\u308f\u305b\u304b\u3089\u6e21\u822a\u307e\u3067\u5b8c\u5168\u7121\u6599\u30b5\u30dd\u30fc\u30c8\u3057\u307e\u3059\u3002\u6d77\u5916\u7d4c\u9a13\u306e\u3042\u308b\u30b9\u30bf\u30c3\u30d5\u304c\u7686\u3055\u3093\u306e\u30cb\u30fc\u30ba\u306b\u3042\u3063\u305f\u7559\u5b66\u30d7\u30e9\u30f3\u3092\u63d0\u6848\u3057\u307e\u3059\u3002\u5148\u305a\u306f\u304a\u6c17\u8efd\u306b\u304a\u554f\u3044\u5408\u308f\u305b\u304f\u3060\u3055\u3044\u3002\" \/>\n<meta property=\"og:url\" content=\"https:\/\/wp.nomadasexperience.com\/ja\/contact\/\" \/>\n<meta property=\"og:site_name\" content=\"Nomadas\" \/>\n<meta property=\"article:publisher\" content=\"https:\/\/www.facebook.com\/nomadasexp\/\" \/>\n<meta property=\"article:modified_time\" content=\"2021-07-30T08:42:07+00:00\" \/>\n<meta name=\"twitter:card\" content=\"summary_large_image\" \/>\n<meta name=\"twitter:site\" content=\"@nomadas_exp\" \/>\n<meta name=\"twitter:label1\" content=\"\u63a8\u5b9a\u8aad\u307f\u53d6\u308a\u6642\u9593\" \/>\n\t<meta name=\"twitter:data1\" content=\"1\u5206\" \/>\n<!-- \/ Yoast SEO Premium plugin. -->","yoast_head_json":{"title":"\u304a\u554f\u3044\u5408\u308f\u305b | Nomadas | \u30ce\u30de\u30c0\u30b9 | \u7121\u6599\u30b5\u30dd\u30fc\u30c8","description":"\u6d77\u5916\u7559\u5b66\u3092\u8eab\u8fd1\u306b\u3002Nomadas(\u30ce\u30de\u30c0\u30b9)\u304c\u7686\u3055\u3093\u306e\u7559\u5b66\u30fb\u30ef\u30fc\u30db\u30ea\u3092\u304a\u554f\u3044\u5408\u308f\u305b\u304b\u3089\u6e21\u822a\u307e\u3067\u5b8c\u5168\u7121\u6599\u30b5\u30dd\u30fc\u30c8\u3057\u307e\u3059\u3002\u6d77\u5916\u7d4c\u9a13\u306e\u3042\u308b\u30b9\u30bf\u30c3\u30d5\u304c\u7686\u3055\u3093\u306e\u30cb\u30fc\u30ba\u306b\u3042\u3063\u305f\u7559\u5b66\u30d7\u30e9\u30f3\u3092\u63d0\u6848\u3057\u307e\u3059\u3002\u5148\u305a\u306f\u304a\u6c17\u8efd\u306b\u304a\u554f\u3044\u5408\u308f\u305b\u304f\u3060\u3055\u3044\u3002","robots":{"index":"index","follow":"follow","max-snippet":"max-snippet:-1","max-image-preview":"max-image-preview:large","max-video-preview":"max-video-preview:-1"},"canonical":"https:\/\/wp.nomadasexperience.com\/ja\/contact\/","og_locale":"ja_JP","og_type":"article","og_title":"\u304a\u554f\u3044\u5408\u308f\u305b","og_description":"\u6d77\u5916\u7559\u5b66\u3092\u8eab\u8fd1\u306b\u3002Nomadas(\u30ce\u30de\u30c0\u30b9)\u304c\u7686\u3055\u3093\u306e\u7559\u5b66\u30fb\u30ef\u30fc\u30db\u30ea\u3092\u304a\u554f\u3044\u5408\u308f\u305b\u304b\u3089\u6e21\u822a\u307e\u3067\u5b8c\u5168\u7121\u6599\u30b5\u30dd\u30fc\u30c8\u3057\u307e\u3059\u3002\u6d77\u5916\u7d4c\u9a13\u306e\u3042\u308b\u30b9\u30bf\u30c3\u30d5\u304c\u7686\u3055\u3093\u306e\u30cb\u30fc\u30ba\u306b\u3042\u3063\u305f\u7559\u5b66\u30d7\u30e9\u30f3\u3092\u63d0\u6848\u3057\u307e\u3059\u3002\u5148\u305a\u306f\u304a\u6c17\u8efd\u306b\u304a\u554f\u3044\u5408\u308f\u305b\u304f\u3060\u3055\u3044\u3002","og_url":"https:\/\/wp.nomadasexperience.com\/ja\/contact\/","og_site_name":"Nomadas","article_publisher":"https:\/\/www.facebook.com\/nomadasexp\/","article_modified_time":"2021-07-30T08:42:07+00:00","twitter_card":"summary_large_image","twitter_site":"@nomadas_exp","twitter_misc":{"\u63a8\u5b9a\u8aad\u307f\u53d6\u308a\u6642\u9593":"1\u5206"},"schema":{"@context":"https:\/\/schema.org","@graph":[{"@type":"WebPage","@id":"https:\/\/wp.nomadasexperience.com\/ja\/contact\/","url":"https:\/\/wp.nomadasexperience.com\/ja\/contact\/","name":"\u304a\u554f\u3044\u5408\u308f\u305b | Nomadas | \u30ce\u30de\u30c0\u30b9 | \u7121\u6599\u30b5\u30dd\u30fc\u30c8","isPartOf":{"@id":"https:\/\/wp.nomadasexperience.com\/ja\/#website"},"datePublished":"2020-10-07T06:03:46+00:00","dateModified":"2021-07-30T08:42:07+00:00","description":"\u6d77\u5916\u7559\u5b66\u3092\u8eab\u8fd1\u306b\u3002Nomadas(\u30ce\u30de\u30c0\u30b9)\u304c\u7686\u3055\u3093\u306e\u7559\u5b66\u30fb\u30ef\u30fc\u30db\u30ea\u3092\u304a\u554f\u3044\u5408\u308f\u305b\u304b\u3089\u6e21\u822a\u307e\u3067\u5b8c\u5168\u7121\u6599\u30b5\u30dd\u30fc\u30c8\u3057\u307e\u3059\u3002\u6d77\u5916\u7d4c\u9a13\u306e\u3042\u308b\u30b9\u30bf\u30c3\u30d5\u304c\u7686\u3055\u3093\u306e\u30cb\u30fc\u30ba\u306b\u3042\u3063\u305f\u7559\u5b66\u30d7\u30e9\u30f3\u3092\u63d0\u6848\u3057\u307e\u3059\u3002\u5148\u305a\u306f\u304a\u6c17\u8efd\u306b\u304a\u554f\u3044\u5408\u308f\u305b\u304f\u3060\u3055\u3044\u3002","breadcrumb":{"@id":"https:\/\/wp.nomadasexperience.com\/ja\/contact\/#breadcrumb"},"inLanguage":"ja","potentialAction":[{"@type":"ReadAction","target":["https:\/\/wp.nomadasexperience.com\/ja\/contact\/"]}]},{"@type":"BreadcrumbList","@id":"https:\/\/wp.nomadasexperience.com\/ja\/contact\/#breadcrumb","itemListElement":[{"@type":"ListItem","position":1,"name":"Home","item":"https:\/\/wp.nomadasexperience.com\/ja\/"},{"@type":"ListItem","position":2,"name":"\u304a\u554f\u3044\u5408\u308f\u305b"}]},{"@type":"WebSite","@id":"https:\/\/wp.nomadasexperience.com\/ja\/#website","url":"https:\/\/wp.nomadasexperience.com\/ja\/","name":"Nomadas","description":"Vive una experiencia N\u00f3mada!","publisher":{"@id":"https:\/\/wp.nomadasexperience.com\/ja\/#organization"},"potentialAction":[{"@type":"SearchAction","target":{"@type":"EntryPoint","urlTemplate":"https:\/\/wp.nomadasexperience.com\/ja\/?s={search_term_string}"},"query-input":{"@type":"PropertyValueSpecification","valueRequired":true,"valueName":"search_term_string"}}],"inLanguage":"ja"},{"@type":"Organization","@id":"https:\/\/wp.nomadasexperience.com\/ja\/#organization","name":"N\u00f3madas Experience","alternateName":"Nomadas","url":"https:\/\/wp.nomadasexperience.com\/ja\/","logo":{"@type":"ImageObject","inLanguage":"ja","@id":"https:\/\/wp.nomadasexperience.com\/ja\/#\/schema\/logo\/image\/","url":"https:\/\/www.nomadasexperience.com\/wp-content\/uploads\/2026\/02\/nomadas-experience.webp","contentUrl":"https:\/\/www.nomadasexperience.com\/wp-content\/uploads\/2026\/02\/nomadas-experience.webp","width":512,"height":512,"caption":"N\u00f3madas Experience"},"image":{"@id":"https:\/\/wp.nomadasexperience.com\/ja\/#\/schema\/logo\/image\/"},"sameAs":["https:\/\/www.facebook.com\/nomadasexp\/","https:\/\/x.com\/nomadas_exp","https:\/\/www.tiktok.com\/@nomadas.experience","https:\/\/linkedin.com\/company\/nomadasexperience","https:\/\/www.youtube.com\/@GuiaNomada"],"description":"N\u00f3madas Experience es una comunidad que ayuda a personas de habla hispana a estudiar, trabajar y vivir experiencias educativas en el extranjero, especialmente en Australia, Canad\u00e1 e Irlanda, con acompa\u00f1amiento integral antes, durante y despu\u00e9s del viaje.","email":"info@nomadasexperience.com","telephone":"+61 483 902 019","legalName":"Nomadas Experience","foundingDate":"2015-04-04","numberOfEmployees":{"@type":"QuantitativeValue","minValue":"51","maxValue":"200"}}]}},"_links":{"self":[{"href":"https:\/\/wp.nomadasexperience.com\/ja\/wp-json\/wp\/v2\/pages\/6748","targetHints":{"allow":["GET"]}}],"collection":[{"href":"https:\/\/wp.nomadasexperience.com\/ja\/wp-json\/wp\/v2\/pages"}],"about":[{"href":"https:\/\/wp.nomadasexperience.com\/ja\/wp-json\/wp\/v2\/types\/page"}],"author":[{"embeddable":true,"href":"https:\/\/wp.nomadasexperience.com\/ja\/wp-json\/wp\/v2\/users\/1"}],"replies":[{"embeddable":true,"href":"https:\/\/wp.nomadasexperience.com\/ja\/wp-json\/wp\/v2\/comments?post=6748"}],"version-history":[{"count":0,"href":"https:\/\/wp.nomadasexperience.com\/ja\/wp-json\/wp\/v2\/pages\/6748\/revisions"}],"wp:attachment":[{"href":"https:\/\/wp.nomadasexperience.com\/ja\/wp-json\/wp\/v2\/media?parent=6748"}],"curies":[{"name":"wp","href":"https:\/\/api.w.org\/{rel}","templated":true}]}}