{"id":8119,"date":"2020-09-30T17:39:13","date_gmt":"2020-09-30T07:39:13","guid":{"rendered":"https:\/\/www.nomadasexperience.com\/contacto\/"},"modified":"2021-07-21T09:10:02","modified_gmt":"2021-07-20T23:10:02","slug":"contacto","status":"publish","type":"page","link":"https:\/\/wp.nomadasexperience.com\/pt-br\/contacto\/","title":{"rendered":"Contato"},"content":{"rendered":"\n<h1 class=\"has-text-align-center wp-block-heading\" id=\"h-contato\">Contato<\/h1>\n\n\n\n<div class=\"iframe-container\">\n<iframe src=\"https:\/\/universe.nomadasexperience.com\/contact-form\/nomadas\/br\"><\/iframe>\n<\/div>\n","protected":false},"excerpt":{"rendered":"<p>Contato<\/p>\n","protected":false},"author":1,"featured_media":0,"parent":0,"menu_order":0,"comment_status":"closed","ping_status":"closed","template":"","meta":{"_acf_changed":false,"footnotes":""},"class_list":["post-8119","page","type-page","status-publish","hentry"],"acf":[],"yoast_head":"<!-- This site is optimized with the Yoast SEO Premium plugin v27.2 (Yoast SEO v27.5) - https:\/\/yoast.com\/product\/yoast-seo-premium-wordpress\/ -->\n<title>Contato - Nomadas<\/title>\n<meta name=\"description\" content=\"Entre em contato agora mesmo para esclarecer todas as suas d\u00favidas. Estudar e morar no exterior \u00e9 muito f\u00e1cil com o Nomadas \u00a1viaje agora!\" \/>\n<meta name=\"robots\" content=\"index, follow, max-snippet:-1, max-image-preview:large, max-video-preview:-1\" \/>\n<link rel=\"canonical\" href=\"https:\/\/wp.nomadasexperience.com\/pt-br\/contacto\/\" \/>\n<meta property=\"og:locale\" content=\"pt_BR\" \/>\n<meta property=\"og:type\" content=\"article\" \/>\n<meta property=\"og:title\" content=\"Contato\" \/>\n<meta property=\"og:description\" content=\"Entre em contato agora mesmo para esclarecer todas as suas d\u00favidas. Estudar e morar no exterior \u00e9 muito f\u00e1cil com o Nomadas \u00a1viaje agora!\" \/>\n<meta property=\"og:url\" content=\"https:\/\/wp.nomadasexperience.com\/pt-br\/contacto\/\" \/>\n<meta property=\"og:site_name\" content=\"Nomadas\" \/>\n<meta property=\"article:publisher\" content=\"https:\/\/www.facebook.com\/nomadasexp\/\" \/>\n<meta property=\"article:modified_time\" content=\"2021-07-20T23:10:02+00:00\" \/>\n<meta name=\"twitter:card\" content=\"summary_large_image\" \/>\n<meta name=\"twitter:site\" content=\"@nomadas_exp\" \/>\n<meta name=\"twitter:label1\" content=\"Est. tempo de leitura\" \/>\n\t<meta name=\"twitter:data1\" content=\"1 minuto\" \/>\n<!-- \/ Yoast SEO Premium plugin. -->","yoast_head_json":{"title":"Contato - Nomadas","description":"Entre em contato agora mesmo para esclarecer todas as suas d\u00favidas. Estudar e morar no exterior \u00e9 muito f\u00e1cil com o Nomadas \u00a1viaje agora!","robots":{"index":"index","follow":"follow","max-snippet":"max-snippet:-1","max-image-preview":"max-image-preview:large","max-video-preview":"max-video-preview:-1"},"canonical":"https:\/\/wp.nomadasexperience.com\/pt-br\/contacto\/","og_locale":"pt_BR","og_type":"article","og_title":"Contato","og_description":"Entre em contato agora mesmo para esclarecer todas as suas d\u00favidas. Estudar e morar no exterior \u00e9 muito f\u00e1cil com o Nomadas \u00a1viaje agora!","og_url":"https:\/\/wp.nomadasexperience.com\/pt-br\/contacto\/","og_site_name":"Nomadas","article_publisher":"https:\/\/www.facebook.com\/nomadasexp\/","article_modified_time":"2021-07-20T23:10:02+00:00","twitter_card":"summary_large_image","twitter_site":"@nomadas_exp","twitter_misc":{"Est. tempo de leitura":"1 minuto"},"schema":{"@context":"https:\/\/schema.org","@graph":[{"@type":"WebPage","@id":"https:\/\/wp.nomadasexperience.com\/pt-br\/contacto\/","url":"https:\/\/wp.nomadasexperience.com\/pt-br\/contacto\/","name":"Contato - Nomadas","isPartOf":{"@id":"https:\/\/wp.nomadasexperience.com\/pt-br\/#website"},"datePublished":"2020-09-30T07:39:13+00:00","dateModified":"2021-07-20T23:10:02+00:00","description":"Entre em contato agora mesmo para esclarecer todas as suas d\u00favidas. Estudar e morar no exterior \u00e9 muito f\u00e1cil com o Nomadas \u00a1viaje agora!","breadcrumb":{"@id":"https:\/\/wp.nomadasexperience.com\/pt-br\/contacto\/#breadcrumb"},"inLanguage":"pt-BR","potentialAction":[{"@type":"ReadAction","target":["https:\/\/wp.nomadasexperience.com\/pt-br\/contacto\/"]}]},{"@type":"BreadcrumbList","@id":"https:\/\/wp.nomadasexperience.com\/pt-br\/contacto\/#breadcrumb","itemListElement":[{"@type":"ListItem","position":1,"name":"Home","item":"https:\/\/wp.nomadasexperience.com\/pt-br\/"},{"@type":"ListItem","position":2,"name":"Contato"}]},{"@type":"WebSite","@id":"https:\/\/wp.nomadasexperience.com\/pt-br\/#website","url":"https:\/\/wp.nomadasexperience.com\/pt-br\/","name":"Nomadas","description":"Vive una experiencia N\u00f3mada!","publisher":{"@id":"https:\/\/wp.nomadasexperience.com\/pt-br\/#organization"},"potentialAction":[{"@type":"SearchAction","target":{"@type":"EntryPoint","urlTemplate":"https:\/\/wp.nomadasexperience.com\/pt-br\/?s={search_term_string}"},"query-input":{"@type":"PropertyValueSpecification","valueRequired":true,"valueName":"search_term_string"}}],"inLanguage":"pt-BR"},{"@type":"Organization","@id":"https:\/\/wp.nomadasexperience.com\/pt-br\/#organization","name":"N\u00f3madas Experience","alternateName":"Nomadas","url":"https:\/\/wp.nomadasexperience.com\/pt-br\/","logo":{"@type":"ImageObject","inLanguage":"pt-BR","@id":"https:\/\/wp.nomadasexperience.com\/pt-br\/#\/schema\/logo\/image\/","url":"https:\/\/www.nomadasexperience.com\/wp-content\/uploads\/2026\/02\/nomadas-experience.webp","contentUrl":"https:\/\/www.nomadasexperience.com\/wp-content\/uploads\/2026\/02\/nomadas-experience.webp","width":512,"height":512,"caption":"N\u00f3madas Experience"},"image":{"@id":"https:\/\/wp.nomadasexperience.com\/pt-br\/#\/schema\/logo\/image\/"},"sameAs":["https:\/\/www.facebook.com\/nomadasexp\/","https:\/\/x.com\/nomadas_exp","https:\/\/www.tiktok.com\/@nomadas.experience","https:\/\/linkedin.com\/company\/nomadasexperience","https:\/\/www.youtube.com\/@GuiaNomada"],"description":"N\u00f3madas Experience es una comunidad que ayuda a personas de habla hispana a estudiar, trabajar y vivir experiencias educativas en el extranjero, especialmente en Australia, Canad\u00e1 e Irlanda, con acompa\u00f1amiento integral antes, durante y despu\u00e9s del viaje.","email":"info@nomadasexperience.com","telephone":"+61 483 902 019","legalName":"Nomadas Experience","foundingDate":"2015-04-04","numberOfEmployees":{"@type":"QuantitativeValue","minValue":"51","maxValue":"200"}}]}},"_links":{"self":[{"href":"https:\/\/wp.nomadasexperience.com\/pt-br\/wp-json\/wp\/v2\/pages\/8119","targetHints":{"allow":["GET"]}}],"collection":[{"href":"https:\/\/wp.nomadasexperience.com\/pt-br\/wp-json\/wp\/v2\/pages"}],"about":[{"href":"https:\/\/wp.nomadasexperience.com\/pt-br\/wp-json\/wp\/v2\/types\/page"}],"author":[{"embeddable":true,"href":"https:\/\/wp.nomadasexperience.com\/pt-br\/wp-json\/wp\/v2\/users\/1"}],"replies":[{"embeddable":true,"href":"https:\/\/wp.nomadasexperience.com\/pt-br\/wp-json\/wp\/v2\/comments?post=8119"}],"version-history":[{"count":0,"href":"https:\/\/wp.nomadasexperience.com\/pt-br\/wp-json\/wp\/v2\/pages\/8119\/revisions"}],"wp:attachment":[{"href":"https:\/\/wp.nomadasexperience.com\/pt-br\/wp-json\/wp\/v2\/media?parent=8119"}],"curies":[{"name":"wp","href":"https:\/\/api.w.org\/{rel}","templated":true}]}}